{"id":475,"date":"2022-01-19T20:27:29","date_gmt":"2022-01-19T20:27:29","guid":{"rendered":"https:\/\/upc-internacional-wp-bk.demoavatar.top\/misiones-academicas"},"modified":"2022-04-25T21:07:49","modified_gmt":"2022-04-25T21:07:49","slug":"misiones-academicas","status":"publish","type":"page","link":"https:\/\/upc-internacional-wp-bk.demoavatar.top\/en\/short-term-programs\/misiones-academicas","title":{"rendered":"Misiones acad\u00e9micas"},"content":{"rendered":"\n<h2 class=\"wp-block-heading\" id=\"misiones-academicas\"><strong>Misiones acad\u00e9micas<\/strong> <\/h2>\n\n<p>Participar\u00e1s de seminarios acad\u00e9micos con destacados expositores y en visitas a corporaciones multinacionales, universidades extranjeras y m\u00e1s. Adem\u00e1s, tendr\u00e1s la oportunidad de conocer a fondo el pa\u00eds de destino. &#13;\ndebe de cambiar de versi\u00f3n<\/p>\n\n<h3 class=\"wp-block-heading\" id=\"requisitos\"><strong>Requisitos<\/strong><\/h3>\n\n<ul class=\"wp-block-list\"><li>Ser mayor de edad. <\/li><li>Contar con m\u00e1s de 20 cr\u00e9ditos aprobados en UPC. <\/li><li>Contar con promedio ponderado acumulado y actual mayor a 13 <\/li><li>No presentar deudas con la universidad. <\/li><li>No tener sanci\u00f3n disciplinaria en el semestre de la postulaci\u00f3n ni antes de viajar. <\/li><li>No encontrarse en riesgo acad\u00e9mico en el semestre de la postulaci\u00f3n ni antes de viajar. <\/li><li>Otros requisitos espec\u00edficos que cada programa pueda aplicar <\/li><\/ul>\n\n<h3 class=\"wp-block-heading\" id=\"inversion\"><strong>Inversi\u00f3n<\/strong> <\/h3>\n\n<p>Los costos de las Misiones Acad\u00e9micas depender\u00e1n del destino y lo incluido en el paquete, podr\u00e1s encontrar esta informaci\u00f3n en el detalle del programa. <\/p>\n\n<h3 class=\"wp-block-heading\" id=\"misiones-academicas-vigentes\"><strong>Misiones acad\u00e9micas vigentes<\/strong> <\/h3>\n\n<p>\u00a1Pronto podr\u00e1s conocer las Misiones Acad\u00e9micas 2022! <\/p>\n\n<p>Las inscripciones a Misiones Acad\u00e9micas y las fechas de viaje var\u00edan durante el a\u00f1o, para m\u00e1s informaci\u00f3n, env\u00edanos un correo <\/p>\n\n<figure class=\"wp-block-embed is-type-video is-provider-youtube wp-block-embed-youtube wp-embed-aspect-16-9 wp-has-aspect-ratio\"><div class=\"wp-block-embed__wrapper\">\r\n<iframe loading=\"lazy\" title=\"Alumnos UPC - Misi\u00f3n acad\u00e9mica UCR\" width=\"500\" height=\"281\" src=\"https:\/\/www.youtube.com\/embed\/H31uphog92g?start=6&#038;feature=oembed\" frameborder=\"0\" allow=\"accelerometer; autoplay; clipboard-write; encrypted-media; gyroscope; picture-in-picture; web-share\" referrerpolicy=\"strict-origin-when-cross-origin\" allowfullscreen><\/iframe>\r\n<\/div><\/figure>\r\n","protected":false},"excerpt":{"rendered":"<p>Misiones acad\u00e9micas Participar\u00e1s de seminarios acad\u00e9micos con destacados expositores y en visitas a corporaciones multinacionales, universidades extranjeras y m\u00e1s. Adem\u00e1s, tendr\u00e1s la oportunidad de conocer a fondo el pa\u00eds de destino. &#13; debe de cambiar de versi\u00f3n Requisitos Ser mayor de edad. Contar con m\u00e1s de 20 cr\u00e9ditos aprobados en UPC. Contar con promedio ponderado&#8230;&amp;nbsp;&lt;a href=&quot;https:\/\/upc-internacional-wp-bk.demoavatar.top\/en\/short-term-programs\/misiones-academicas&quot;&gt;[Read&amp;nbsp;More]&lt;\/a&gt;<\/p>\n","protected":false},"author":19,"featured_media":155,"parent":563,"menu_order":0,"comment_status":"closed","ping_status":"closed","template":"","meta":{"_acf_changed":false,"inline_featured_image":false,"_genesis_hide_title":false,"_genesis_hide_breadcrumbs":false,"_genesis_hide_singular_image":false,"_genesis_hide_footer_widgets":false,"_genesis_custom_body_class":"","_genesis_custom_post_class":"","_genesis_layout":"","footnotes":""},"class_list":{"0":"post-475","1":"page","2":"type-page","3":"status-publish","4":"has-post-thumbnail","6":"entry"},"acf":[],"aioseo_notices":[],"_links":{"self":[{"href":"https:\/\/upc-internacional-wp-bk.demoavatar.top\/en\/wp-json\/wp\/v2\/pages\/475","targetHints":{"allow":["GET"]}}],"collection":[{"href":"https:\/\/upc-internacional-wp-bk.demoavatar.top\/en\/wp-json\/wp\/v2\/pages"}],"about":[{"href":"https:\/\/upc-internacional-wp-bk.demoavatar.top\/en\/wp-json\/wp\/v2\/types\/page"}],"author":[{"embeddable":true,"href":"https:\/\/upc-internacional-wp-bk.demoavatar.top\/en\/wp-json\/wp\/v2\/users\/19"}],"replies":[{"embeddable":true,"href":"https:\/\/upc-internacional-wp-bk.demoavatar.top\/en\/wp-json\/wp\/v2\/comments?post=475"}],"version-history":[{"count":0,"href":"https:\/\/upc-internacional-wp-bk.demoavatar.top\/en\/wp-json\/wp\/v2\/pages\/475\/revisions"}],"up":[{"embeddable":true,"href":"https:\/\/upc-internacional-wp-bk.demoavatar.top\/en\/wp-json\/wp\/v2\/pages\/563"}],"wp:featuredmedia":[{"embeddable":true,"href":"https:\/\/upc-internacional-wp-bk.demoavatar.top\/en\/wp-json\/wp\/v2\/media\/155"}],"wp:attachment":[{"href":"https:\/\/upc-internacional-wp-bk.demoavatar.top\/en\/wp-json\/wp\/v2\/media?parent=475"}],"curies":[{"name":"wp","href":"https:\/\/api.w.org\/{rel}","templated":true}]}}