{"id":563,"date":"2022-01-30T23:36:45","date_gmt":"2022-01-30T23:36:45","guid":{"rendered":"https:\/\/upc-internacional-wp-bk.demoavatar.top\/short-term-programs"},"modified":"2022-04-25T21:06:07","modified_gmt":"2022-04-25T21:06:07","slug":"short-term-programs","status":"publish","type":"page","link":"https:\/\/upc-internacional-wp-bk.demoavatar.top\/en\/short-term-programs","title":{"rendered":"Short-term programs"},"content":{"rendered":"\n<h2 class=\"wp-block-heading\"><strong>Inmersi\u00f3n de idiomas <\/strong>versi\u00f3n<\/h2>\n\n<p>Aprende, mejora o perfecciona un idioma, conoce otras culturas y crea tu red de contactos internacional.\u00a0<\/p>\n\n<h2 class=\"wp-block-heading\"><strong>REQUISITOS<\/strong><\/h2>\n\n<ul class=\"wp-block-list\"><li>Si te encuentras interesado en el doble grado, debes postular a partir de 8vo ciclo.<\/li><\/ul>\n\n<ul class=\"wp-block-list\"><li>Ser mayor de edad. <\/li><li>Contar con m\u00e1s de 20 cr\u00e9ditos aprobados en UPC. <\/li><li>Promedio actual y ponderado mayor a 13.\u00a0<\/li><li>No presentar deudas con la universidad. <\/li><\/ul>\n\n<ul class=\"wp-block-list\"><li>No tener sanci\u00f3n disciplinaria en el semestre de la postulaci\u00f3n ni antes de viajar. <\/li><li>No encontrarse en riesgo acad\u00e9mico en el semestre de la postulaci\u00f3n ni antes de viajar. <\/li><li>Otros requisitos espec\u00edficos solicitados por la universidad.\u00a0<br\/><br\/>*Requisitos sujetos a variaci\u00f3n seg\u00fan programa y carrera. <br\/>**No aplica para casos en los que se realiza el doble grado despu\u00e9s de egresar.<\/li><\/ul>\n\n<h2 class=\"wp-block-heading\"><br\/><br\/><strong>Programas de Inmersi\u00f3n de Idiomas vigentes<\/strong>\u00a0<\/h2>\n\n<p>\u00a1Pronto podr\u00e1s conocer los programas de inmersi\u00f3n de idiomas 2022!\u00a0\u00a0<\/p>\n\n<p>Las inscripciones para este tipo de programa var\u00edan dependiendo de los calendarios de las universidades extranjeras, para m\u00e1s informaci\u00f3n, env\u00edanos un correo a i<a href=\"mailto:internationaloffice@upc.pe\" rel=\"nofollow\" target=\"_blank\">nternationaloffice@upc.pe<\/a> \/ <a href=\"mailto:giacomo.fasce@upc.pe\" rel=\"nofollow\" target=\"_blank\">giacomo.fasce@upc.pe<\/a> \/ <a href=\"mailto:eduardo.jimenez@upc.pe\" rel=\"nofollow\" target=\"_blank\">eduardo.jimenez@upc.pe<\/a>\u00a0<\/p>\n\n<figure class=\"wp-block-embed is-type-video is-provider-youtube wp-block-embed-youtube wp-embed-aspect-16-9 wp-has-aspect-ratio\">\r\n<div class=\"wp-block-embed__wrapper\"><a href=\"https:\/\/www.youtube.com\/watch?v=qHdbdV0AELE\" rel=\"nofollow\" target=\"_blank\">https:\/\/www.youtube.com\/watch?v=qHdbdV0AELE<\/a><\/div><\/figure>\n","protected":false},"excerpt":{"rendered":"<p>Inmersi\u00f3n de idiomas versi\u00f3n Aprende, mejora o perfecciona un idioma, conoce otras culturas y crea tu red de contactos internacional.\u00a0 REQUISITOS Si te encuentras interesado en el doble grado, debes postular a partir de 8vo ciclo. Ser mayor de edad. Contar con m\u00e1s de 20 cr\u00e9ditos aprobados en UPC. Promedio actual y ponderado mayor a&#8230;&amp;nbsp;&lt;a href=&quot;https:\/\/upc-internacional-wp-bk.demoavatar.top\/en\/short-term-programs&quot;&gt;[Read&amp;nbsp;More]&lt;\/a&gt;<\/p>\n","protected":false},"author":19,"featured_media":155,"parent":0,"menu_order":0,"comment_status":"closed","ping_status":"closed","template":"","meta":{"_acf_changed":false,"inline_featured_image":false,"_genesis_hide_title":false,"_genesis_hide_breadcrumbs":false,"_genesis_hide_singular_image":false,"_genesis_hide_footer_widgets":false,"_genesis_custom_body_class":"","_genesis_custom_post_class":"","_genesis_layout":"","footnotes":""},"class_list":{"0":"post-563","1":"page","2":"type-page","3":"status-publish","4":"has-post-thumbnail","6":"entry"},"acf":[],"aioseo_notices":[],"_links":{"self":[{"href":"https:\/\/upc-internacional-wp-bk.demoavatar.top\/en\/wp-json\/wp\/v2\/pages\/563","targetHints":{"allow":["GET"]}}],"collection":[{"href":"https:\/\/upc-internacional-wp-bk.demoavatar.top\/en\/wp-json\/wp\/v2\/pages"}],"about":[{"href":"https:\/\/upc-internacional-wp-bk.demoavatar.top\/en\/wp-json\/wp\/v2\/types\/page"}],"author":[{"embeddable":true,"href":"https:\/\/upc-internacional-wp-bk.demoavatar.top\/en\/wp-json\/wp\/v2\/users\/19"}],"replies":[{"embeddable":true,"href":"https:\/\/upc-internacional-wp-bk.demoavatar.top\/en\/wp-json\/wp\/v2\/comments?post=563"}],"version-history":[{"count":0,"href":"https:\/\/upc-internacional-wp-bk.demoavatar.top\/en\/wp-json\/wp\/v2\/pages\/563\/revisions"}],"wp:featuredmedia":[{"embeddable":true,"href":"https:\/\/upc-internacional-wp-bk.demoavatar.top\/en\/wp-json\/wp\/v2\/media\/155"}],"wp:attachment":[{"href":"https:\/\/upc-internacional-wp-bk.demoavatar.top\/en\/wp-json\/wp\/v2\/media?parent=563"}],"curies":[{"name":"wp","href":"https:\/\/api.w.org\/{rel}","templated":true}]}}